{"id":553,"date":"2023-02-06T12:36:02","date_gmt":"2023-02-06T11:36:02","guid":{"rendered":"https:\/\/soenderjylland.danmarksveteraner.dk\/?page_id=553"},"modified":"2023-02-06T12:37:21","modified_gmt":"2023-02-06T11:37:21","slug":"kontakt","status":"publish","type":"page","link":"https:\/\/soenderjylland.danmarksveteraner.dk\/?page_id=553","title":{"rendered":"Kontakt"},"content":{"rendered":"\n<p>Dette er en side med basale kontaktinformationer, s\u00e5som adresse og telefonnummer. Du kan ogs\u00e5 pr\u00f8ve at tilf\u00f8je en kontaktformular her med et plugin.<\/p>\n","protected":false},"excerpt":{"rendered":"<p>Dette er en side med basale kontaktinformationer, s\u00e5som adresse og telefonnummer. Du kan ogs\u00e5 pr\u00f8ve at tilf\u00f8je en kontaktformular her<\/p>\n","protected":false},"author":1,"featured_media":0,"parent":0,"menu_order":4,"comment_status":"closed","ping_status":"closed","template":"","meta":{"footnotes":""},"class_list":["post-553","page","type-page","status-publish","hentry"],"yoast_head":"<!-- This site is optimized with the Yoast SEO plugin v20.7 - https:\/\/yoast.com\/wordpress\/plugins\/seo\/ -->\n<title>Kontakt - Danmarks Veteraner<\/title>\n<meta name=\"robots\" content=\"index, follow, max-snippet:-1, max-image-preview:large, max-video-preview:-1\" \/>\n<link rel=\"canonical\" href=\"https:\/\/soenderjylland.danmarksveteraner.dk\/?page_id=553\" \/>\n<meta property=\"og:locale\" content=\"da_DK\" \/>\n<meta property=\"og:type\" content=\"article\" \/>\n<meta property=\"og:title\" content=\"Kontakt - Danmarks Veteraner\" \/>\n<meta property=\"og:description\" content=\"Dette er en side med basale kontaktinformationer, s\u00e5som adresse og telefonnummer. Du kan ogs\u00e5 pr\u00f8ve at tilf\u00f8je en kontaktformular her\" \/>\n<meta property=\"og:url\" content=\"https:\/\/soenderjylland.danmarksveteraner.dk\/?page_id=553\" \/>\n<meta property=\"og:site_name\" content=\"Danmarks Veteraner\" \/>\n<meta property=\"article:modified_time\" content=\"2023-02-06T11:37:21+00:00\" \/>\n<meta name=\"twitter:card\" content=\"summary_large_image\" \/>\n<meta name=\"twitter:label1\" content=\"Estimeret l\u00e6setid\" \/>\n\t<meta name=\"twitter:data1\" content=\"1 minut\" \/>\n<script type=\"application\/ld+json\" class=\"yoast-schema-graph\">{\"@context\":\"https:\/\/schema.org\",\"@graph\":[{\"@type\":\"WebPage\",\"@id\":\"https:\/\/soenderjylland.danmarksveteraner.dk\/?page_id=553\",\"url\":\"https:\/\/soenderjylland.danmarksveteraner.dk\/?page_id=553\",\"name\":\"Kontakt - Danmarks Veteraner\",\"isPartOf\":{\"@id\":\"https:\/\/soenderjylland.danmarksveteraner.dk\/#website\"},\"datePublished\":\"2023-02-06T11:36:02+00:00\",\"dateModified\":\"2023-02-06T11:37:21+00:00\",\"breadcrumb\":{\"@id\":\"https:\/\/soenderjylland.danmarksveteraner.dk\/?page_id=553#breadcrumb\"},\"inLanguage\":\"da-DK\",\"potentialAction\":[{\"@type\":\"ReadAction\",\"target\":[\"https:\/\/soenderjylland.danmarksveteraner.dk\/?page_id=553\"]}]},{\"@type\":\"BreadcrumbList\",\"@id\":\"https:\/\/soenderjylland.danmarksveteraner.dk\/?page_id=553#breadcrumb\",\"itemListElement\":[{\"@type\":\"ListItem\",\"position\":1,\"name\":\"Hjem\",\"item\":\"https:\/\/soenderjylland.danmarksveteraner.dk\/\"},{\"@type\":\"ListItem\",\"position\":2,\"name\":\"Kontakt\"}]},{\"@type\":\"WebSite\",\"@id\":\"https:\/\/soenderjylland.danmarksveteraner.dk\/#website\",\"url\":\"https:\/\/soenderjylland.danmarksveteraner.dk\/\",\"name\":\"Danmarks Veteraner\",\"description\":\"S\u00f8nderjylland\",\"publisher\":{\"@id\":\"https:\/\/soenderjylland.danmarksveteraner.dk\/#organization\"},\"potentialAction\":[{\"@type\":\"SearchAction\",\"target\":{\"@type\":\"EntryPoint\",\"urlTemplate\":\"https:\/\/soenderjylland.danmarksveteraner.dk\/?s={search_term_string}\"},\"query-input\":\"required name=search_term_string\"}],\"inLanguage\":\"da-DK\"},{\"@type\":\"Organization\",\"@id\":\"https:\/\/soenderjylland.danmarksveteraner.dk\/#organization\",\"name\":\"Danmarks Veteraner\",\"url\":\"https:\/\/soenderjylland.danmarksveteraner.dk\/\",\"logo\":{\"@type\":\"ImageObject\",\"inLanguage\":\"da-DK\",\"@id\":\"https:\/\/soenderjylland.danmarksveteraner.dk\/#\/schema\/logo\/image\/\",\"url\":\"https:\/\/soenderjylland.danmarksveteraner.dk\/wp-content\/uploads\/2022\/11\/Logo-DV-lille.jpg\",\"contentUrl\":\"https:\/\/soenderjylland.danmarksveteraner.dk\/wp-content\/uploads\/2022\/11\/Logo-DV-lille.jpg\",\"width\":113,\"height\":131,\"caption\":\"Danmarks Veteraner\"},\"image\":{\"@id\":\"https:\/\/soenderjylland.danmarksveteraner.dk\/#\/schema\/logo\/image\/\"}}]}<\/script>\n<!-- \/ Yoast SEO plugin. -->","yoast_head_json":{"title":"Kontakt - Danmarks Veteraner","robots":{"index":"index","follow":"follow","max-snippet":"max-snippet:-1","max-image-preview":"max-image-preview:large","max-video-preview":"max-video-preview:-1"},"canonical":"https:\/\/soenderjylland.danmarksveteraner.dk\/?page_id=553","og_locale":"da_DK","og_type":"article","og_title":"Kontakt - Danmarks Veteraner","og_description":"Dette er en side med basale kontaktinformationer, s\u00e5som adresse og telefonnummer. Du kan ogs\u00e5 pr\u00f8ve at tilf\u00f8je en kontaktformular her","og_url":"https:\/\/soenderjylland.danmarksveteraner.dk\/?page_id=553","og_site_name":"Danmarks Veteraner","article_modified_time":"2023-02-06T11:37:21+00:00","twitter_card":"summary_large_image","twitter_misc":{"Estimeret l\u00e6setid":"1 minut"},"schema":{"@context":"https:\/\/schema.org","@graph":[{"@type":"WebPage","@id":"https:\/\/soenderjylland.danmarksveteraner.dk\/?page_id=553","url":"https:\/\/soenderjylland.danmarksveteraner.dk\/?page_id=553","name":"Kontakt - Danmarks Veteraner","isPartOf":{"@id":"https:\/\/soenderjylland.danmarksveteraner.dk\/#website"},"datePublished":"2023-02-06T11:36:02+00:00","dateModified":"2023-02-06T11:37:21+00:00","breadcrumb":{"@id":"https:\/\/soenderjylland.danmarksveteraner.dk\/?page_id=553#breadcrumb"},"inLanguage":"da-DK","potentialAction":[{"@type":"ReadAction","target":["https:\/\/soenderjylland.danmarksveteraner.dk\/?page_id=553"]}]},{"@type":"BreadcrumbList","@id":"https:\/\/soenderjylland.danmarksveteraner.dk\/?page_id=553#breadcrumb","itemListElement":[{"@type":"ListItem","position":1,"name":"Hjem","item":"https:\/\/soenderjylland.danmarksveteraner.dk\/"},{"@type":"ListItem","position":2,"name":"Kontakt"}]},{"@type":"WebSite","@id":"https:\/\/soenderjylland.danmarksveteraner.dk\/#website","url":"https:\/\/soenderjylland.danmarksveteraner.dk\/","name":"Danmarks Veteraner","description":"S\u00f8nderjylland","publisher":{"@id":"https:\/\/soenderjylland.danmarksveteraner.dk\/#organization"},"potentialAction":[{"@type":"SearchAction","target":{"@type":"EntryPoint","urlTemplate":"https:\/\/soenderjylland.danmarksveteraner.dk\/?s={search_term_string}"},"query-input":"required name=search_term_string"}],"inLanguage":"da-DK"},{"@type":"Organization","@id":"https:\/\/soenderjylland.danmarksveteraner.dk\/#organization","name":"Danmarks Veteraner","url":"https:\/\/soenderjylland.danmarksveteraner.dk\/","logo":{"@type":"ImageObject","inLanguage":"da-DK","@id":"https:\/\/soenderjylland.danmarksveteraner.dk\/#\/schema\/logo\/image\/","url":"https:\/\/soenderjylland.danmarksveteraner.dk\/wp-content\/uploads\/2022\/11\/Logo-DV-lille.jpg","contentUrl":"https:\/\/soenderjylland.danmarksveteraner.dk\/wp-content\/uploads\/2022\/11\/Logo-DV-lille.jpg","width":113,"height":131,"caption":"Danmarks Veteraner"},"image":{"@id":"https:\/\/soenderjylland.danmarksveteraner.dk\/#\/schema\/logo\/image\/"}}]}},"_links":{"self":[{"href":"https:\/\/soenderjylland.danmarksveteraner.dk\/index.php?rest_route=\/wp\/v2\/pages\/553","targetHints":{"allow":["GET"]}}],"collection":[{"href":"https:\/\/soenderjylland.danmarksveteraner.dk\/index.php?rest_route=\/wp\/v2\/pages"}],"about":[{"href":"https:\/\/soenderjylland.danmarksveteraner.dk\/index.php?rest_route=\/wp\/v2\/types\/page"}],"author":[{"embeddable":true,"href":"https:\/\/soenderjylland.danmarksveteraner.dk\/index.php?rest_route=\/wp\/v2\/users\/1"}],"replies":[{"embeddable":true,"href":"https:\/\/soenderjylland.danmarksveteraner.dk\/index.php?rest_route=%2Fwp%2Fv2%2Fcomments&post=553"}],"version-history":[{"count":1,"href":"https:\/\/soenderjylland.danmarksveteraner.dk\/index.php?rest_route=\/wp\/v2\/pages\/553\/revisions"}],"predecessor-version":[{"id":555,"href":"https:\/\/soenderjylland.danmarksveteraner.dk\/index.php?rest_route=\/wp\/v2\/pages\/553\/revisions\/555"}],"wp:attachment":[{"href":"https:\/\/soenderjylland.danmarksveteraner.dk\/index.php?rest_route=%2Fwp%2Fv2%2Fmedia&parent=553"}],"curies":[{"name":"wp","href":"https:\/\/api.w.org\/{rel}","templated":true}]}}