{"id":537,"date":"2022-11-30T10:32:18","date_gmt":"2022-11-30T09:32:18","guid":{"rendered":"https:\/\/soenderjylland.danmarksveteraner.dk\/?page_id=537"},"modified":"2023-02-06T12:51:49","modified_gmt":"2023-02-06T11:51:49","slug":"vedtaegter","status":"publish","type":"page","link":"https:\/\/soenderjylland.danmarksveteraner.dk\/?page_id=537","title":{"rendered":"Vedt\u00e6gter"},"content":{"rendered":"\n<h2 class=\"has-text-align-center wp-block-heading\">Vedt\u00e6gter for Danmarks Veteraner, S\u00f8nderjylland<\/h2>\n\n\n\n<p>DV Lokalforening S\u00f8nderjylland 24 FEB 2022<br>Vedt\u00e6gter for Danmarks Veteraner, Lokalforening S\u00f8nderjylland<br>\u00a7 1.<br>Foreningens navn: Danmarks Veteraner, Lokalforening S\u00f8nderjylland.<\/p>\n\n\n\n<p>\u00a7 2.<br>Lokalforeningens (LF) form\u00e5l er:<br>a. At f\u00e5 optaget flest mulige hjemsendte og tjenesteg\u00f8rende civilt og milit\u00e6rt personel som er eller har v\u00e6ret udsendt i fredsbevarende, fredst\u00f8ttende, fredsskabende og humanit\u00e6re missioner, for herigennem at styrke de kammeratlige b\u00e5nd blandt medlemmerne.<br>b. At st\u00f8tte og oplyse om udlandsmissionernes form\u00e5l og virke.<br>c. At h\u00e6dre afd\u00f8de p\u00e5 v\u00e6rdig vis. (Med fane ved begravelse hvis der ytres \u00f8nske herom).<\/p>\n\n\n\n<p>\u00a7 3.<br>LF er tilsluttet landsforeningen \u201dDanmarks Veteraner\u201d. LF udarbejder selv deres egne vedt\u00e6gter under hensyn til landsforeningens vedt\u00e6gter. LF repr\u00e6senteres i Danmarks Veteraner af formanden og 1 valgt repr\u00e6sentant for hver p\u00e5begyndt 100 medlemmer foreningen har pr. 31\/12. Repr\u00e6sentanter v\u00e6lges p\u00e5 den \u00e5rlige generalforsamling.<\/p>\n\n\n\n<p>\u00a7 4.<br>Som medlem af LF kan optages enhver, der g\u00f8r eller har gjort tjeneste i fredsbevarende, fredst\u00f8ttende, fredsskabende og humanit\u00e6re missioner udsendt og godkendt af den danske stat. Og har modtaget en FN-, Nato-, EU-, eller forsvarets medalje herfor.<\/p>\n\n\n\n<p>\u00a7 5.<br>Ethvert medlem, der m\u00e5tte g\u00f8re sig skyldig i en i den offentlige mening van\u00e6rende handling eller ved sin handlinger skader foreningernes \u2013 landsforenings s\u00e5vel som LF omd\u00f8mme og tarv, kan indstilles til eksklusion. Indstillingen sendes til Danmarks Veteraners hovedbestyrelse. Afg\u00f8relse af eksklusionen tr\u00e6ffes p\u00e5 det ordin\u00e6re repr\u00e6sentantskabsm\u00f8de. Vedkommende, der er indstillet eksklusion, har ret til p\u00e5 repr\u00e6sentantskabsm\u00f8det at forsvare sig og sin handling.<\/p>\n\n\n\n<p>\u00a7 6.<br>LF kan optage st\u00f8ttemedlemmer. Disse har dog ikke stemmeret og kan ikke v\u00e6lges til bestyrelsesposter, men vil f\u00e5 de samme indkaldelser som de ordin\u00e6re medlemmer.<\/p>\n\n\n\n<p>\u00a7 7.<\/p>\n\n\n\n<ul class=\"wp-block-list\">\n<li>\u00c5rskontingentet fasts\u00e6ttes hvert \u00e5r p\u00e5 Danmarks Veteraners landsforenings ordin\u00e6re repr\u00e6sentantskabsm\u00f8de og opkr\u00e6ves af landsforeningen. Opkr\u00e6vning udsendes primo januar hver \u00e5r. \u00c5rskontingentet indeholder betaling for medlemsbladet Baretten.<\/li>\n\n\n\n<li>b. Kontingent fra st\u00f8ttemedlemmer opkr\u00e6ves af LF pr. 1 januar og skal svare til landsforeningens kontingentandel som de ordin\u00e6re medlemmer betaler + administrationsomkostninger. St\u00f8ttemedlemmer modtager ikke medlemsbladet Baretten.<\/li>\n<\/ul>\n\n\n\n<p><br>\u00a7 8.<br>LF kommunikerer med sine medlemmer via prim\u00e6rt \u00e5ben gruppe p\u00e5 Facebook. Ligeledes vil LF som tidligere kommunikere via LF spalte i DV medlemsblad (Baretten).<br>\u00a7 9.<br>a. Udmeldelse af landsforeningen, henholdsvis LF skal ske skriftlig til landsforeningens Kartoteksf\u00f8rer.<br>b. Medlemmer der er i restance ud over 6 m\u00e5neder, slettes som medlemmer af LF.<br>c. Udmeldte, slettede eller ekskluderede medlemmer har intet krav p\u00e5 LF.<br>\u00a7 10.<br>a. Regnskabet f\u00f8lger kalender\u00e5ret fra 1. januar til 31. december.<br>b. Kassereren afl\u00e6gger regnskab p\u00e5 den LF ordin\u00e6re generalforsamling.<br>c. Der oprettes en bankkonto, hvorp\u00e5 der kun kan h\u00e6ves af kasserer og formanden.<br>d. Kassereren foranlediger efterlevelse af g\u00e6ldende \u201dhvidvaskningsregler\u201d.<\/p>\n\n\n\n<p>\u00a7 11.<br>a. LF ledes af en bestyrelse, der v\u00e6lges p\u00e5 den ordin\u00e6re generalforsamling. Bestyrelsen best\u00e5r af en formand, en kasserer og 3 bestyrelsesmedlemmer.<br>b. Formand og kasserer v\u00e6lges s\u00e6rskilt. Den \u00f8vrige bestyrelse konstituerer sig umiddelbart efter generalforsamlingen.<br>c. Alle v\u00e6lges for 2 \u00e5r.<br>d. Endvidere v\u00e6lges p\u00e5 generalforsamlingen 2 bestyrelsessuppleanter, 2 bilagskontrollanter, samt 1 bilagskontrollantsuppleant. Alle for 1 \u00e5r.<br>e. Bilagskontrollanter og \u2013 suppleanten skal findes udenfor bestyrelsens kreds.<br>f. Ligeledes v\u00e6lges repr\u00e6sentanter, og suppleanter for disse til deltagelse med formanden i repr\u00e6sentantskabsm\u00f8derne ved landsforeningen.<br>g. Bestyrelsen kan v\u00e6lge faneb\u00e6rer, og \u00f8vrige ledere af diverse underudvalg s\u00e5 som skydeleder og leder af bowling m.m.<br>\u00a7 12.<br>a. Generalforsamlingen er LF h\u00f8jeste myndighed. Generalforsamlingen afholdes hver \u00e5r i februar og indkaldes med mindst 14 dages varsel.<br>b. Bestyrelsen kan i s\u00e6rlige situationer udskyde generalforsamlingen til senere afholdelse i f.m. udstedelse af forsamlingsforbud\/ udbrud af pandemier og lignende. Bestyrelsen kan i s\u00e6rlige tilf\u00e6lde v\u00e6lge at gennemf\u00f8re generalforsamlingen elektronisk.<br>c. Forslag der \u00f8nskes behandlet p\u00e5 generalforsamlingen, skal v\u00e6re LF formand i h\u00e6nde senest 8 dage f\u00f8r generalforsamlingen afholdes.<br>d. Ekstraordin\u00e6r generalforsamling kan indkaldes n\u00e5r bestyrelsen finder det n\u00f8dvendig, eller n\u00e5r mindst \u00bc af foreningens medlemmer ved skriftlig henvendelse til bestyrelsen fremsender \u00f8nske derom med angivelse af grund derfor.<br>e. St\u00e5ende punkter p\u00e5 dagsordenen til den ordin\u00e6re generalforsamling er:<br>1) Valg af dirigent.<br>2) Valg af 2 stemmet\u00e6llere.<br>3) Formandens beretning.<br>4) Kassereren afl\u00e6gger regnskab.<br>5) Budgetforslag for det kommende \u00e5r.<br>6) Behandling af indkomne forslag.<br>7) Valg af formand (ulige \u00e5r).<br>8) Valg af kasserer (lige \u00e5r).<br>9) Valg af 2 bestyrelsesmedlemmer (ulige \u00e5r).<br>10) Valg af 1 bestyrelsesmedlem (lige \u00e5r).<br>11) Valg af 2 suppleanter (1 \u00e5r).<br>12) Valg af 2 Bilagskontrollanter (1 \u00e5r).<br>13) Valg af bilagskontrollantsuppleant (1 \u00e5r).<br>14) Valg af repr\u00e6sentanter.<br>15) Valg af mindst 2 suppleanter til repr\u00e6sentantskabet.<\/p>\n\n\n\n<p>16) Eventuelt.<br>f. Til vedt\u00e6gts\u00e6ndringer kr\u00e6ves, at 2\/3 af de fremm\u00f8dte medlemmer stemmer for \u00e6ndringerne.<br>Andre forslag af valg afg\u00f8res ved simpel stemmeflertal.<br>\u00a7 13.<br>LF kan kun oph\u00e6ves n\u00e5r 4\/5 af samtlige medlemmer stemmer herfor. Ved opl\u00f8sning af LF skal dens midler og ejendele tilfalde Landsforeningen Danmarks Veteraner.<br>Ovenn\u00e6vnte vedt\u00e6gter er vedtaget p\u00e5 ordin\u00e6r generalforsamling 24 Februar 2022.<br>Sidst \u00e6ndret og vedtaget p\u00e5 den ordin\u00e6re generalforsamling Februar 2017.<\/p>\n\n\n\n<p>Danmarks Veteraner, lokalforening S\u00f8nderjylland.<\/p>\n\n\n\n<hr class=\"wp-block-separator has-alpha-channel-opacity\"\/>\n\n\n\n<p>Bestyrelsen<br>Formand<br>Sten Boye Poulsen<\/p>\n\n\n\n<p>N\u00e6stformand<br>Niels Andersen<\/p>\n\n\n\n<p>Kasserer<br>Henrik S\u00f8rensen<\/p>\n\n\n\n<p>Sekret\u00e6r<br>J\u00f8rn Bue<\/p>\n\n\n\n<p>Bestyrelsesmedlem<br>George Duus<br>Kaj Jensen<\/p>\n","protected":false},"excerpt":{"rendered":"<p>Vedt\u00e6gter for Danmarks Veteraner, S\u00f8nderjylland DV Lokalforening S\u00f8nderjylland 24 FEB 2022Vedt\u00e6gter for Danmarks Veteraner, Lokalforening S\u00f8nderjylland\u00a7 1.Foreningens navn: Danmarks Veteraner,<\/p>\n","protected":false},"author":1,"featured_media":0,"parent":0,"menu_order":0,"comment_status":"closed","ping_status":"closed","template":"","meta":{"footnotes":""},"class_list":["post-537","page","type-page","status-publish","hentry"],"yoast_head":"<!-- This site is optimized with the Yoast SEO plugin v20.7 - https:\/\/yoast.com\/wordpress\/plugins\/seo\/ -->\n<title>Vedt\u00e6gter - Danmarks Veteraner<\/title>\n<meta name=\"robots\" content=\"index, follow, max-snippet:-1, max-image-preview:large, max-video-preview:-1\" \/>\n<link rel=\"canonical\" href=\"https:\/\/soenderjylland.danmarksveteraner.dk\/?page_id=537\" \/>\n<meta property=\"og:locale\" content=\"da_DK\" \/>\n<meta property=\"og:type\" content=\"article\" \/>\n<meta property=\"og:title\" content=\"Vedt\u00e6gter - Danmarks Veteraner\" \/>\n<meta property=\"og:description\" content=\"Vedt\u00e6gter for Danmarks Veteraner, S\u00f8nderjylland DV Lokalforening S\u00f8nderjylland 24 FEB 2022Vedt\u00e6gter for Danmarks Veteraner, Lokalforening S\u00f8nderjylland\u00a7 1.Foreningens navn: Danmarks Veteraner,\" \/>\n<meta property=\"og:url\" content=\"https:\/\/soenderjylland.danmarksveteraner.dk\/?page_id=537\" \/>\n<meta property=\"og:site_name\" content=\"Danmarks Veteraner\" \/>\n<meta property=\"article:modified_time\" content=\"2023-02-06T11:51:49+00:00\" \/>\n<meta name=\"twitter:card\" content=\"summary_large_image\" \/>\n<meta name=\"twitter:label1\" content=\"Estimeret l\u00e6setid\" \/>\n\t<meta name=\"twitter:data1\" content=\"5 minutter\" \/>\n<script type=\"application\/ld+json\" class=\"yoast-schema-graph\">{\"@context\":\"https:\/\/schema.org\",\"@graph\":[{\"@type\":\"WebPage\",\"@id\":\"https:\/\/soenderjylland.danmarksveteraner.dk\/?page_id=537\",\"url\":\"https:\/\/soenderjylland.danmarksveteraner.dk\/?page_id=537\",\"name\":\"Vedt\u00e6gter - Danmarks Veteraner\",\"isPartOf\":{\"@id\":\"https:\/\/soenderjylland.danmarksveteraner.dk\/#website\"},\"datePublished\":\"2022-11-30T09:32:18+00:00\",\"dateModified\":\"2023-02-06T11:51:49+00:00\",\"breadcrumb\":{\"@id\":\"https:\/\/soenderjylland.danmarksveteraner.dk\/?page_id=537#breadcrumb\"},\"inLanguage\":\"da-DK\",\"potentialAction\":[{\"@type\":\"ReadAction\",\"target\":[\"https:\/\/soenderjylland.danmarksveteraner.dk\/?page_id=537\"]}]},{\"@type\":\"BreadcrumbList\",\"@id\":\"https:\/\/soenderjylland.danmarksveteraner.dk\/?page_id=537#breadcrumb\",\"itemListElement\":[{\"@type\":\"ListItem\",\"position\":1,\"name\":\"Hjem\",\"item\":\"https:\/\/soenderjylland.danmarksveteraner.dk\/\"},{\"@type\":\"ListItem\",\"position\":2,\"name\":\"Vedt\u00e6gter\"}]},{\"@type\":\"WebSite\",\"@id\":\"https:\/\/soenderjylland.danmarksveteraner.dk\/#website\",\"url\":\"https:\/\/soenderjylland.danmarksveteraner.dk\/\",\"name\":\"Danmarks Veteraner\",\"description\":\"S\u00f8nderjylland\",\"publisher\":{\"@id\":\"https:\/\/soenderjylland.danmarksveteraner.dk\/#organization\"},\"potentialAction\":[{\"@type\":\"SearchAction\",\"target\":{\"@type\":\"EntryPoint\",\"urlTemplate\":\"https:\/\/soenderjylland.danmarksveteraner.dk\/?s={search_term_string}\"},\"query-input\":\"required name=search_term_string\"}],\"inLanguage\":\"da-DK\"},{\"@type\":\"Organization\",\"@id\":\"https:\/\/soenderjylland.danmarksveteraner.dk\/#organization\",\"name\":\"Danmarks Veteraner\",\"url\":\"https:\/\/soenderjylland.danmarksveteraner.dk\/\",\"logo\":{\"@type\":\"ImageObject\",\"inLanguage\":\"da-DK\",\"@id\":\"https:\/\/soenderjylland.danmarksveteraner.dk\/#\/schema\/logo\/image\/\",\"url\":\"https:\/\/soenderjylland.danmarksveteraner.dk\/wp-content\/uploads\/2022\/11\/Logo-DV-lille.jpg\",\"contentUrl\":\"https:\/\/soenderjylland.danmarksveteraner.dk\/wp-content\/uploads\/2022\/11\/Logo-DV-lille.jpg\",\"width\":113,\"height\":131,\"caption\":\"Danmarks Veteraner\"},\"image\":{\"@id\":\"https:\/\/soenderjylland.danmarksveteraner.dk\/#\/schema\/logo\/image\/\"}}]}<\/script>\n<!-- \/ Yoast SEO plugin. -->","yoast_head_json":{"title":"Vedt\u00e6gter - Danmarks Veteraner","robots":{"index":"index","follow":"follow","max-snippet":"max-snippet:-1","max-image-preview":"max-image-preview:large","max-video-preview":"max-video-preview:-1"},"canonical":"https:\/\/soenderjylland.danmarksveteraner.dk\/?page_id=537","og_locale":"da_DK","og_type":"article","og_title":"Vedt\u00e6gter - Danmarks Veteraner","og_description":"Vedt\u00e6gter for Danmarks Veteraner, S\u00f8nderjylland DV Lokalforening S\u00f8nderjylland 24 FEB 2022Vedt\u00e6gter for Danmarks Veteraner, Lokalforening S\u00f8nderjylland\u00a7 1.Foreningens navn: Danmarks Veteraner,","og_url":"https:\/\/soenderjylland.danmarksveteraner.dk\/?page_id=537","og_site_name":"Danmarks Veteraner","article_modified_time":"2023-02-06T11:51:49+00:00","twitter_card":"summary_large_image","twitter_misc":{"Estimeret l\u00e6setid":"5 minutter"},"schema":{"@context":"https:\/\/schema.org","@graph":[{"@type":"WebPage","@id":"https:\/\/soenderjylland.danmarksveteraner.dk\/?page_id=537","url":"https:\/\/soenderjylland.danmarksveteraner.dk\/?page_id=537","name":"Vedt\u00e6gter - Danmarks Veteraner","isPartOf":{"@id":"https:\/\/soenderjylland.danmarksveteraner.dk\/#website"},"datePublished":"2022-11-30T09:32:18+00:00","dateModified":"2023-02-06T11:51:49+00:00","breadcrumb":{"@id":"https:\/\/soenderjylland.danmarksveteraner.dk\/?page_id=537#breadcrumb"},"inLanguage":"da-DK","potentialAction":[{"@type":"ReadAction","target":["https:\/\/soenderjylland.danmarksveteraner.dk\/?page_id=537"]}]},{"@type":"BreadcrumbList","@id":"https:\/\/soenderjylland.danmarksveteraner.dk\/?page_id=537#breadcrumb","itemListElement":[{"@type":"ListItem","position":1,"name":"Hjem","item":"https:\/\/soenderjylland.danmarksveteraner.dk\/"},{"@type":"ListItem","position":2,"name":"Vedt\u00e6gter"}]},{"@type":"WebSite","@id":"https:\/\/soenderjylland.danmarksveteraner.dk\/#website","url":"https:\/\/soenderjylland.danmarksveteraner.dk\/","name":"Danmarks Veteraner","description":"S\u00f8nderjylland","publisher":{"@id":"https:\/\/soenderjylland.danmarksveteraner.dk\/#organization"},"potentialAction":[{"@type":"SearchAction","target":{"@type":"EntryPoint","urlTemplate":"https:\/\/soenderjylland.danmarksveteraner.dk\/?s={search_term_string}"},"query-input":"required name=search_term_string"}],"inLanguage":"da-DK"},{"@type":"Organization","@id":"https:\/\/soenderjylland.danmarksveteraner.dk\/#organization","name":"Danmarks Veteraner","url":"https:\/\/soenderjylland.danmarksveteraner.dk\/","logo":{"@type":"ImageObject","inLanguage":"da-DK","@id":"https:\/\/soenderjylland.danmarksveteraner.dk\/#\/schema\/logo\/image\/","url":"https:\/\/soenderjylland.danmarksveteraner.dk\/wp-content\/uploads\/2022\/11\/Logo-DV-lille.jpg","contentUrl":"https:\/\/soenderjylland.danmarksveteraner.dk\/wp-content\/uploads\/2022\/11\/Logo-DV-lille.jpg","width":113,"height":131,"caption":"Danmarks Veteraner"},"image":{"@id":"https:\/\/soenderjylland.danmarksveteraner.dk\/#\/schema\/logo\/image\/"}}]}},"_links":{"self":[{"href":"https:\/\/soenderjylland.danmarksveteraner.dk\/index.php?rest_route=\/wp\/v2\/pages\/537","targetHints":{"allow":["GET"]}}],"collection":[{"href":"https:\/\/soenderjylland.danmarksveteraner.dk\/index.php?rest_route=\/wp\/v2\/pages"}],"about":[{"href":"https:\/\/soenderjylland.danmarksveteraner.dk\/index.php?rest_route=\/wp\/v2\/types\/page"}],"author":[{"embeddable":true,"href":"https:\/\/soenderjylland.danmarksveteraner.dk\/index.php?rest_route=\/wp\/v2\/users\/1"}],"replies":[{"embeddable":true,"href":"https:\/\/soenderjylland.danmarksveteraner.dk\/index.php?rest_route=%2Fwp%2Fv2%2Fcomments&post=537"}],"version-history":[{"count":1,"href":"https:\/\/soenderjylland.danmarksveteraner.dk\/index.php?rest_route=\/wp\/v2\/pages\/537\/revisions"}],"predecessor-version":[{"id":538,"href":"https:\/\/soenderjylland.danmarksveteraner.dk\/index.php?rest_route=\/wp\/v2\/pages\/537\/revisions\/538"}],"wp:attachment":[{"href":"https:\/\/soenderjylland.danmarksveteraner.dk\/index.php?rest_route=%2Fwp%2Fv2%2Fmedia&parent=537"}],"curies":[{"name":"wp","href":"https:\/\/api.w.org\/{rel}","templated":true}]}}